{"id":15,"date":"2024-02-05T22:28:17","date_gmt":"2024-02-05T21:28:17","guid":{"rendered":"https:\/\/www.fruit-rebel.com\/?page_id=15"},"modified":"2024-02-20T17:45:55","modified_gmt":"2024-02-20T16:45:55","slug":"impressum","status":"publish","type":"page","link":"https:\/\/www.fruit-rebel.com\/fr\/impressum\/","title":{"rendered":"Mentions l\u00e9gales"},"content":{"rendered":"<section class=\"l-section wpb_row height_large\"><div class=\"l-section-h i-cf\"><div class=\"g-cols vc_row via_grid cols_1 laptops-cols_inherit tablets-cols_inherit mobiles-cols_1 valign_top type_default stacking_default\"><div class=\"wpb_column vc_column_container\"><div class=\"vc_column-inner\"><div class=\"wpb_text_column\"><div class=\"wpb_wrapper\"><h1>Mentions l\u00e9gales<\/h1>\n<h3>Informations selon \u00a7 5 TMG<\/h3>\n<p>Fruit Rebel GmbH<br \/>\nSeibersdorferstr. 87<br \/>\nDE-84375 Kirchdorf am Inn<\/p>\n<p><a href=\"http:\/\/www.fruit-rebel.com\">www.fruit-rebel.com<\/a><\/p>\n<h3>Contact<\/h3>\n<p>M\u00e9lanie Zach<br \/>\nDirection<\/p>\n<p>T\u00e9l\u00e9phone : +49 8571 9189351<br \/>\nCourrier \u00e9lectronique : melanie@fruit-rebel.com<\/p>\n<h3>Num\u00e9ro d'identification de la taxe sur le chiffre d'affaires<\/h3>\n<p>Num\u00e9ro d'identification de la taxe sur le chiffre d'affaires conform\u00e9ment au \u00a7 27 a de la loi sur la taxe sur le chiffre d'affaires :<br \/>\nFR294232469<\/p>\n<h3>R\u00e8glement des litiges de consommation\/organisme de conciliation universel<\/h3>\n<p>Nous ne sommes pas pr\u00eats ou oblig\u00e9s de participer \u00e0 des proc\u00e9dures de r\u00e8glement des litiges devant un organisme de conciliation des consommateurs.<\/p>\n<\/div><\/div><\/div><\/div><\/div><\/div><\/section>","protected":false},"excerpt":{"rendered":"Impressum Angaben gem\u00e4\u00df \u00a7 5 TMG Fruit Rebel GmbH Seibersdorferstr. 87 DE-84375 Kirchdorf am Inn www.fruit-rebel.com Kontakt Melanie Zach Gesch\u00e4ftsf\u00fchrung Telefon: +49 8571 9189351 E-Mail: melanie@fruit-rebel.com Umsatzsteuer-ID Umsatzsteuer-Identifikationsnummer gem\u00e4\u00df \u00a7 27 a Umsatzsteuergesetz: DE294232469 Verbraucher\u00adstreit\u00adbeilegung\/Universal\u00adschlichtungs\u00adstelle Wir sind nicht bereit oder verpflichtet, an Streitbeilegungsverfahren vor einer Verbraucherschlichtungsstelle teilzunehmen.","protected":false},"author":3,"featured_media":0,"parent":0,"menu_order":0,"comment_status":"closed","ping_status":"closed","template":"","meta":{"footnotes":""},"class_list":["post-15","page","type-page","status-publish","hentry"],"yoast_head":"<!-- This site is optimized with the Yoast SEO plugin v27.5 - https:\/\/yoast.com\/product\/yoast-seo-wordpress\/ -->\n<title>Impressum - Fruit Rebel<\/title>\n<meta name=\"robots\" content=\"index, follow, max-snippet:-1, max-image-preview:large, max-video-preview:-1\" \/>\n<link rel=\"canonical\" href=\"https:\/\/www.fruit-rebel.com\/fr\/impressum\/\" \/>\n<meta property=\"og:locale\" content=\"fr_FR\" \/>\n<meta property=\"og:type\" content=\"article\" \/>\n<meta property=\"og:title\" content=\"Impressum - Fruit Rebel\" \/>\n<meta property=\"og:url\" content=\"https:\/\/www.fruit-rebel.com\/fr\/impressum\/\" \/>\n<meta property=\"og:site_name\" content=\"Fruit Rebel\" \/>\n<meta property=\"article:modified_time\" content=\"2024-02-20T16:45:55+00:00\" \/>\n<meta name=\"twitter:card\" content=\"summary_large_image\" \/>\n<meta name=\"twitter:label1\" content=\"Dur\u00e9e de lecture estim\u00e9e\" \/>\n\t<meta name=\"twitter:data1\" content=\"1 minute\" \/>\n<script type=\"application\/ld+json\" class=\"yoast-schema-graph\">{\"@context\":\"https:\\\/\\\/schema.org\",\"@graph\":[{\"@type\":\"WebPage\",\"@id\":\"https:\\\/\\\/www.fruit-rebel.com\\\/impressum\\\/\",\"url\":\"https:\\\/\\\/www.fruit-rebel.com\\\/impressum\\\/\",\"name\":\"Impressum - Fruit Rebel\",\"isPartOf\":{\"@id\":\"https:\\\/\\\/www.fruit-rebel.com\\\/#website\"},\"datePublished\":\"2024-02-05T21:28:17+00:00\",\"dateModified\":\"2024-02-20T16:45:55+00:00\",\"breadcrumb\":{\"@id\":\"https:\\\/\\\/www.fruit-rebel.com\\\/impressum\\\/#breadcrumb\"},\"inLanguage\":\"fr-FR\",\"potentialAction\":[{\"@type\":\"ReadAction\",\"target\":[\"https:\\\/\\\/www.fruit-rebel.com\\\/impressum\\\/\"]}]},{\"@type\":\"BreadcrumbList\",\"@id\":\"https:\\\/\\\/www.fruit-rebel.com\\\/impressum\\\/#breadcrumb\",\"itemListElement\":[{\"@type\":\"ListItem\",\"position\":1,\"name\":\"Startseite\",\"item\":\"https:\\\/\\\/www.fruit-rebel.com\\\/\"},{\"@type\":\"ListItem\",\"position\":2,\"name\":\"Impressum\"}]},{\"@type\":\"WebSite\",\"@id\":\"https:\\\/\\\/www.fruit-rebel.com\\\/#website\",\"url\":\"https:\\\/\\\/www.fruit-rebel.com\\\/\",\"name\":\"Fruit Rebel\",\"description\":\"PURE. FRUIT. TASTE. REVOLUTION.\",\"publisher\":{\"@id\":\"https:\\\/\\\/www.fruit-rebel.com\\\/#organization\"},\"potentialAction\":[{\"@type\":\"SearchAction\",\"target\":{\"@type\":\"EntryPoint\",\"urlTemplate\":\"https:\\\/\\\/www.fruit-rebel.com\\\/?s={search_term_string}\"},\"query-input\":{\"@type\":\"PropertyValueSpecification\",\"valueRequired\":true,\"valueName\":\"search_term_string\"}}],\"inLanguage\":\"fr-FR\"},{\"@type\":\"Organization\",\"@id\":\"https:\\\/\\\/www.fruit-rebel.com\\\/#organization\",\"name\":\"Fruit Rebel\",\"url\":\"https:\\\/\\\/www.fruit-rebel.com\\\/\",\"logo\":{\"@type\":\"ImageObject\",\"inLanguage\":\"fr-FR\",\"@id\":\"https:\\\/\\\/www.fruit-rebel.com\\\/#\\\/schema\\\/logo\\\/image\\\/\",\"url\":\"https:\\\/\\\/www.fruit-rebel.com\\\/wp-content\\\/uploads\\\/2026\\\/05\\\/logo-Fruit-Rebel.png\",\"contentUrl\":\"https:\\\/\\\/www.fruit-rebel.com\\\/wp-content\\\/uploads\\\/2026\\\/05\\\/logo-Fruit-Rebel.png\",\"width\":745,\"height\":167,\"caption\":\"Fruit Rebel\"},\"image\":{\"@id\":\"https:\\\/\\\/www.fruit-rebel.com\\\/#\\\/schema\\\/logo\\\/image\\\/\"},\"sameAs\":[\"https:\\\/\\\/www.instagram.com\\\/fruit_rebel\\\/\",\"https:\\\/\\\/www.instagram.com\\\/applefries.de\\\/\"]}]}<\/script>\n<!-- \/ Yoast SEO plugin. -->","yoast_head_json":{"title":"Mentions l\u00e9gales - Fruit Rebel","robots":{"index":"index","follow":"follow","max-snippet":"max-snippet:-1","max-image-preview":"max-image-preview:large","max-video-preview":"max-video-preview:-1"},"canonical":"https:\/\/www.fruit-rebel.com\/fr\/impressum\/","og_locale":"fr_FR","og_type":"article","og_title":"Impressum - Fruit Rebel","og_url":"https:\/\/www.fruit-rebel.com\/fr\/impressum\/","og_site_name":"Fruit Rebel","article_modified_time":"2024-02-20T16:45:55+00:00","twitter_card":"summary_large_image","twitter_misc":{"Dur\u00e9e de lecture estim\u00e9e":"1 minute"},"schema":{"@context":"https:\/\/schema.org","@graph":[{"@type":"WebPage","@id":"https:\/\/www.fruit-rebel.com\/impressum\/","url":"https:\/\/www.fruit-rebel.com\/impressum\/","name":"Mentions l\u00e9gales - Fruit Rebel","isPartOf":{"@id":"https:\/\/www.fruit-rebel.com\/#website"},"datePublished":"2024-02-05T21:28:17+00:00","dateModified":"2024-02-20T16:45:55+00:00","breadcrumb":{"@id":"https:\/\/www.fruit-rebel.com\/impressum\/#breadcrumb"},"inLanguage":"fr-FR","potentialAction":[{"@type":"ReadAction","target":["https:\/\/www.fruit-rebel.com\/impressum\/"]}]},{"@type":"BreadcrumbList","@id":"https:\/\/www.fruit-rebel.com\/impressum\/#breadcrumb","itemListElement":[{"@type":"ListItem","position":1,"name":"Startseite","item":"https:\/\/www.fruit-rebel.com\/"},{"@type":"ListItem","position":2,"name":"Impressum"}]},{"@type":"WebSite","@id":"https:\/\/www.fruit-rebel.com\/#website","url":"https:\/\/www.fruit-rebel.com\/","name":"Fruit Rebel","description":"PURE. FRUITS ET L\u00c9GUMES. TASTE. R\u00c9VOLUTION.","publisher":{"@id":"https:\/\/www.fruit-rebel.com\/#organization"},"potentialAction":[{"@type":"SearchAction","target":{"@type":"EntryPoint","urlTemplate":"https:\/\/www.fruit-rebel.com\/?s={search_term_string}"},"query-input":{"@type":"PropertyValueSpecification","valueRequired":true,"valueName":"search_term_string"}}],"inLanguage":"fr-FR"},{"@type":"Organization","@id":"https:\/\/www.fruit-rebel.com\/#organization","name":"Fruit Rebel","url":"https:\/\/www.fruit-rebel.com\/","logo":{"@type":"ImageObject","inLanguage":"fr-FR","@id":"https:\/\/www.fruit-rebel.com\/#\/schema\/logo\/image\/","url":"https:\/\/www.fruit-rebel.com\/wp-content\/uploads\/2026\/05\/logo-Fruit-Rebel.png","contentUrl":"https:\/\/www.fruit-rebel.com\/wp-content\/uploads\/2026\/05\/logo-Fruit-Rebel.png","width":745,"height":167,"caption":"Fruit Rebel"},"image":{"@id":"https:\/\/www.fruit-rebel.com\/#\/schema\/logo\/image\/"},"sameAs":["https:\/\/www.instagram.com\/fruit_rebel\/","https:\/\/www.instagram.com\/applefries.de\/"]}]}},"_links":{"self":[{"href":"https:\/\/www.fruit-rebel.com\/fr\/wp-json\/wp\/v2\/pages\/15","targetHints":{"allow":["GET"]}}],"collection":[{"href":"https:\/\/www.fruit-rebel.com\/fr\/wp-json\/wp\/v2\/pages"}],"about":[{"href":"https:\/\/www.fruit-rebel.com\/fr\/wp-json\/wp\/v2\/types\/page"}],"author":[{"embeddable":true,"href":"https:\/\/www.fruit-rebel.com\/fr\/wp-json\/wp\/v2\/users\/3"}],"replies":[{"embeddable":true,"href":"https:\/\/www.fruit-rebel.com\/fr\/wp-json\/wp\/v2\/comments?post=15"}],"version-history":[{"count":10,"href":"https:\/\/www.fruit-rebel.com\/fr\/wp-json\/wp\/v2\/pages\/15\/revisions"}],"predecessor-version":[{"id":483,"href":"https:\/\/www.fruit-rebel.com\/fr\/wp-json\/wp\/v2\/pages\/15\/revisions\/483"}],"wp:attachment":[{"href":"https:\/\/www.fruit-rebel.com\/fr\/wp-json\/wp\/v2\/media?parent=15"}],"curies":[{"name":"wp","href":"https:\/\/api.w.org\/{rel}","templated":true}]}}